{"id":196,"date":"2015-08-26T10:29:40","date_gmt":"2015-08-26T10:29:40","guid":{"rendered":"http:\/\/rytkonen.net\/?page_id=196"},"modified":"2019-12-18T09:50:50","modified_gmt":"2019-12-18T09:50:50","slug":"tyot","status":"publish","type":"page","link":"https:\/\/www.rytkonen.net\/?page_id=196","title":{"rendered":"Ty\u00f6t"},"content":{"rendered":"<h4><strong>TY\u00d6T<\/strong><\/h4>\n<p><strong>Kirjallinen tuotanto<\/strong><\/p>\n<p>&#8211; Opeliksin Orjalaeva, Asterix savoksi (Helsinki Media 1997) Palkittiin 1998 Kemin sarjakuvap\u00e4ivill\u00e4 Lempi International-pystill\u00e4<br \/>\n&#8211; Haaralt Hurja, Harald Hirmuinen savoksi (Egmont 1998)<br \/>\n&#8211; Asteriksin poeka,kielenopetus CD-rom (Plan1 1998)<br \/>\n&#8211; Lapillahen sivut, kuntasivut savoksi (Lapinlahden kunta 1998)<br \/>\n&#8211; Hustleri, aikuisviihdett\u00e4 savoksi (HF-Publications 1999)<br \/>\n&#8211; Benefon io, k\u00e4nnykk\u00e4valikko savoksi (Benefon 1999)<br \/>\n&#8211; Luaksolaisten lempi, Asterix savoksi (Egmont 1999) (Palkittiin 1999 City-lehden Kaupungin paras -maininnalla)<br \/>\n&#8211; Apostolliin teot, raamattua savoksi (Aika Oy 2000)<br \/>\n&#8211; Tahdotko savolaiseksi, CD-rom (Foycom Oy 2000)<br \/>\n&#8211; Positiivisuutta savolaesittain, aforismeja (Positiivarit Ky 2001)<br \/>\n&#8211; El\u00e4misen taetoo savolaesittaen (Positiivarit Ky 2001)<br \/>\n&#8211; Hapan nuama on pirun tiploomity\u00f6 -Positiivisuutta savolaesittaen(Positiivarit 2003)<br \/>\n&#8211; Hustleri2 (Monimedia 2003)<br \/>\n&#8211; Parhaat lavarunot -Johdatus Poetry slamiin, osa 1(Like 2003)<br \/>\n&#8211; Lykky Luke, Lycky Luke savoksi (Egmont 2003)<br \/>\n&#8211; Kompastuminen voep topata kuatumisen,(Positiivarit 2010) &#8211; Normikeikka 1, keikkatarinoita Suomesta (Paasilinna 2011)- Normikeikka 2 (Paasilinna 2012)<br \/>\n&#8211; Iskelm\u00e4n Musta Kirja (Kustannusosakeyhti\u00f6 Hai 2013)<br \/>\n&#8211; Oes v\u00e4h\u00e4 sanomista, ajatelmia savoksi (Positiivarit 2014)<br \/>\n&#8211; Asutaan immeisiks, asumisopas savoksi (Kiinteist\u00f6-KYS OY 2017)<\/p>\n<p>Toimittajan\/avustajan\/pakinoitsijan ja kolumnistin t\u00f6it\u00e4 lehdiss\u00e4 Savon Sanomat, Iisalmen Sanomat, Savon Silmukka, Iisalmen kaupunkilehti, Varkauden Lehti, Blues News, NMT, Savon XPress, Holiday Info, Joensuun Uutiset, Kaikki Liikkuu jne.<\/p>\n<p>Muita t\u00f6it\u00e4 ja ammatteja: radiojuontaja Yle Radio Savo,radiopakinoitsija Oikea Asema, copywriter Idealmainos, vapaa-ajanohjaaja Pvv.Lomakotis\u00e4\u00e4ti\u00f6, export-pakkaaja L.M.Ericsson, puutavaran lajittelija Omatalo Oy, ohjelmapalveluyritt\u00e4j\u00e4 Tmi Vuplake&#8230;<\/p>\n<p>Viihdeuran suurin saavutus: meris\u00e4\u00e4 on kaksi kertaa siirretty Olavin juontaman radio-ohjelman(Lavarunouden SM-karsinta)tielt\u00e4 my\u00f6hemmin esitett\u00e4v\u00e4ksi!<\/p>\n<p><strong>Olavi erilaisissa ty\u00f6tilanteissa <\/strong>(klikkaa kuvat isommiksi)<\/p>\n\t\t\t\t\t\t<div class=\"gallery_box_single\">\n\t\t\t\t\t\t\t\t\t\t\t\t\t\t\t<div class=\"gallery gllr_grid\" data-gllr-columns=\"7\" data-gllr-border-width=\"7\">\n\t\t\t\t\t\t\t\t\t\t\t\t\t\t\t\t\t\t\t\t<div class=\"gllr_image_row\">\n\t\t\t\t\t\t\t\t\t\t\t\t\t\t\t\t\t\t\t\t\t<div class=\"gllr_image_block\">\n\t\t\t\t\t\t\t\t\t\t\t\t<p style=\"\n\t\t\t\t\t\t\t\t\t\t\t\twidth:164px;height:164px;\t\t\t\t\t\t\t\t\t\t\t\t\">\n\t\t\t\t\t\t\t\t\t\t\t\t\t\t\t\t\t\t\t\t\t\t\t\t\t\t\t\t<a data-fancybox=\"gallery_fancybox_730\" href=\"https:\/\/www.rytkonen.net\/wp-content\/uploads\/2015\/08\/Ola_FBA.jpg\" title=\"Olavi juontokeikalla Finnish Blues Awardsissa 21.3. 2015 Virgin Oilissa Helsingiss\u00e4. El\u00e4m\u00e4nty\u00f6palkinto ojennettiin Eero Raittiselle, Davide Floreno ja Esa Kuloniemi todistajina.\" >\n\t\t\t\t\t\t\t\t\t\t\t\t\t\t\t\t<img decoding=\"async\" width=&quot;150&quot; height=&quot;150&quot; style=\"width:150px; height:150px; border-width: 7px; border-color:#f1f1f1;border: 7px solid #f1f1f1\" alt=\"Olavi juontokeikalla Finnish Blues Awardsissa 21.3. 2015 Virgin Oilissa Helsingiss\u00e4. El\u00e4m\u00e4nty\u00f6palkinto ojennettiin Eero Raittiselle, Davide Floreno ja Esa Kuloniemi todistajina.\" title=\"Olavi juontokeikalla Finnish Blues Awardsissa 21.3. 2015 Virgin Oilissa Helsingiss\u00e4. El\u00e4m\u00e4nty\u00f6palkinto ojennettiin Eero Raittiselle, Davide Floreno ja Esa Kuloniemi todistajina.\" src=\"https:\/\/www.rytkonen.net\/wp-content\/uploads\/2015\/08\/Ola_FBA-150x150.jpg\" rel=\"https:\/\/www.rytkonen.net\/wp-content\/uploads\/2015\/08\/Ola_FBA.jpg\" \/>\t\t\t\t\t\t\t\t\t\t\t\t\t\t\t<\/a>\n\t\t\t\t\t\t\t\t\t\t\t\t\t\t\t\t\t\t\t\t\t\t\t\t\t\t<\/p>\n\t\t\t\t\t\t\t\t\t\t\t\t\t\t\t\t\t\t\t\t\t\t\t<\/div><!-- .gllr_image_block -->\n\t\t\t\t\t\t\t\t\t\t\t\t\t\t\t\t\t\t\t\t\t<div class=\"gllr_image_block\">\n\t\t\t\t\t\t\t\t\t\t\t\t<p style=\"\n\t\t\t\t\t\t\t\t\t\t\t\twidth:164px;height:164px;\t\t\t\t\t\t\t\t\t\t\t\t\">\n\t\t\t\t\t\t\t\t\t\t\t\t\t\t\t\t\t\t\t\t\t\t\t\t\t\t\t\t<a data-fancybox=\"gallery_fancybox_730\" href=\"https:\/\/www.rytkonen.net\/wp-content\/uploads\/2015\/08\/OlaTMB.jpg\" title=\"Haastatteluteht\u00e4viss\u00e4 Tahko Mountain Bike-tapahtumassa.\" >\n\t\t\t\t\t\t\t\t\t\t\t\t\t\t\t\t<img decoding=\"async\" width=&quot;150&quot; height=&quot;150&quot; style=\"width:150px; height:150px; border-width: 7px; border-color:#f1f1f1;border: 7px solid #f1f1f1\" alt=\"Haastatteluteht\u00e4viss\u00e4 Tahko Mountain Bike-tapahtumassa.\" title=\"Haastatteluteht\u00e4viss\u00e4 Tahko Mountain Bike-tapahtumassa.\" src=\"https:\/\/www.rytkonen.net\/wp-content\/uploads\/2015\/08\/OlaTMB-150x150.jpg\" rel=\"https:\/\/www.rytkonen.net\/wp-content\/uploads\/2015\/08\/OlaTMB.jpg\" \/>\t\t\t\t\t\t\t\t\t\t\t\t\t\t\t<\/a>\n\t\t\t\t\t\t\t\t\t\t\t\t\t\t\t\t\t\t\t\t\t\t\t\t\t\t<\/p>\n\t\t\t\t\t\t\t\t\t\t\t\t\t\t\t\t\t\t\t\t\t\t\t<\/div><!-- .gllr_image_block -->\n\t\t\t\t\t\t\t\t\t\t\t\t\t\t\t\t\t\t\t\t\t<div class=\"gllr_image_block\">\n\t\t\t\t\t\t\t\t\t\t\t\t<p style=\"\n\t\t\t\t\t\t\t\t\t\t\t\twidth:164px;height:164px;\t\t\t\t\t\t\t\t\t\t\t\t\">\n\t\t\t\t\t\t\t\t\t\t\t\t\t\t\t\t\t\t\t\t\t\t\t\t\t\t\t\t<a data-fancybox=\"gallery_fancybox_730\" href=\"https:\/\/www.rytkonen.net\/wp-content\/uploads\/2015\/08\/OlaHaminalahti-1024x576.jpg\" title=\"Olavin \u201dSukellus savolaisuuteen\u201d-ohjelmapalvelu sopii niin kes\u00e4kokoukseen kuin pikkujouluunkin.\" >\n\t\t\t\t\t\t\t\t\t\t\t\t\t\t\t\t<img decoding=\"async\" width=&quot;150&quot; height=&quot;150&quot; style=\"width:150px; height:150px; border-width: 7px; border-color:#f1f1f1;border: 7px solid #f1f1f1\" alt=\"Olavin \u201dSukellus savolaisuuteen\u201d-ohjelmapalvelu sopii niin kes\u00e4kokoukseen kuin pikkujouluunkin.\" title=\"Olavin \u201dSukellus savolaisuuteen\u201d-ohjelmapalvelu sopii niin kes\u00e4kokoukseen kuin pikkujouluunkin.\" src=\"https:\/\/www.rytkonen.net\/wp-content\/uploads\/2015\/08\/OlaHaminalahti-150x150.jpg\" rel=\"https:\/\/www.rytkonen.net\/wp-content\/uploads\/2015\/08\/OlaHaminalahti.jpg\" \/>\t\t\t\t\t\t\t\t\t\t\t\t\t\t\t<\/a>\n\t\t\t\t\t\t\t\t\t\t\t\t\t\t\t\t\t\t\t\t\t\t\t\t\t\t<\/p>\n\t\t\t\t\t\t\t\t\t\t\t\t\t\t\t\t\t\t\t\t\t\t\t<\/div><!-- .gllr_image_block -->\n\t\t\t\t\t\t\t\t\t\t\t\t\t\t\t\t\t\t\t\t\t<div class=\"gllr_image_block\">\n\t\t\t\t\t\t\t\t\t\t\t\t<p style=\"\n\t\t\t\t\t\t\t\t\t\t\t\twidth:164px;height:164px;\t\t\t\t\t\t\t\t\t\t\t\t\">\n\t\t\t\t\t\t\t\t\t\t\t\t\t\t\t\t\t\t\t\t\t\t\t\t\t\t\t\t<a data-fancybox=\"gallery_fancybox_730\" href=\"https:\/\/www.rytkonen.net\/wp-content\/uploads\/2015\/08\/shaking-skeletons-077-1024x592.jpg\" title=\"Musiikkiviihdett\u00e4 j\u00e4rjestyy sit\u00e4kin moneen makuun. T\u00e4ss\u00e4 Shakin Skeletons rokkaa tammikuussa 2015.\" >\n\t\t\t\t\t\t\t\t\t\t\t\t\t\t\t\t<img decoding=\"async\" width=&quot;150&quot; height=&quot;150&quot; style=\"width:150px; height:150px; border-width: 7px; border-color:#f1f1f1;border: 7px solid #f1f1f1\" alt=\"Musiikkiviihdett\u00e4 j\u00e4rjestyy sit\u00e4kin moneen makuun. T\u00e4ss\u00e4 Shakin Skeletons rokkaa tammikuussa 2015.\" title=\"Musiikkiviihdett\u00e4 j\u00e4rjestyy sit\u00e4kin moneen makuun. T\u00e4ss\u00e4 Shakin Skeletons rokkaa tammikuussa 2015.\" src=\"https:\/\/www.rytkonen.net\/wp-content\/uploads\/2015\/08\/shaking-skeletons-077-150x150.jpg\" rel=\"https:\/\/www.rytkonen.net\/wp-content\/uploads\/2015\/08\/shaking-skeletons-077.jpg\" \/>\t\t\t\t\t\t\t\t\t\t\t\t\t\t\t<\/a>\n\t\t\t\t\t\t\t\t\t\t\t\t\t\t\t\t\t\t\t\t\t\t\t\t\t\t<\/p>\n\t\t\t\t\t\t\t\t\t\t\t\t\t\t\t\t\t\t\t\t\t\t\t<\/div><!-- .gllr_image_block -->\n\t\t\t\t\t\t\t\t\t\t\t\t\t\t\t\t\t\t\t\t\t<div class=\"clear\"><\/div>\n\t\t\t\t\t\t\t\t\t\t<\/div><!-- .gllr_image_row -->\n\t\t\t\t\t\t\t\t\t\t\t\t\t\t\t\t\t<\/div><!-- .gallery.clearfix -->\n\t\t\t\t\t\t\t\t\t\t\t\t\t\t<\/div><!-- .gallery_box_single -->\n\t\t\t\t\t\t<div class=\"gllr_clear\"><\/div>\n\t\t\t\t\t\t\n<p>Onko yrityksesi puhelinvastaajassa asiallinen vastaaja\u00e4\u00e4ni? T\u00e4ss\u00e4kin asiassa Rytk\u00f6nen voi auttaa. Esimerkiksi resta24.fi ja laatuvanne.fi -ovat valinneet Rytk\u00f6sen sanastudion spiikkipalvelut. Kysy lis\u00e4\u00e4!<\/p>\n","protected":false},"excerpt":{"rendered":"<p>TY\u00d6T Kirjallinen tuotanto &#8211; Opeliksin Orjalaeva, Asterix savoksi (Helsinki Media 1997) Palkittiin 1998 Kemin sarjakuvap\u00e4ivill\u00e4 Lempi International-pystill\u00e4 &#8211; Haaralt Hurja, Harald Hirmuinen savoksi (Egmont 1998) &#8211; Asteriksin poeka,kielenopetus CD-rom (Plan1 1998) &#8211; Lapillahen sivut, kuntasivut savoksi (Lapinlahden kunta 1998) &#8211; Hustleri, aikuisviihdett\u00e4 savoksi (HF-Publications 1999) &#8211; Benefon io, k\u00e4nnykk\u00e4valikko savoksi&#8230;<\/p>\n","protected":false},"author":1,"featured_media":0,"parent":0,"menu_order":0,"comment_status":"closed","ping_status":"closed","template":"","meta":{"footnotes":""},"class_list":["post-196","page","type-page","status-publish","hentry"],"_links":{"self":[{"href":"https:\/\/www.rytkonen.net\/index.php?rest_route=\/wp\/v2\/pages\/196","targetHints":{"allow":["GET"]}}],"collection":[{"href":"https:\/\/www.rytkonen.net\/index.php?rest_route=\/wp\/v2\/pages"}],"about":[{"href":"https:\/\/www.rytkonen.net\/index.php?rest_route=\/wp\/v2\/types\/page"}],"author":[{"embeddable":true,"href":"https:\/\/www.rytkonen.net\/index.php?rest_route=\/wp\/v2\/users\/1"}],"replies":[{"embeddable":true,"href":"https:\/\/www.rytkonen.net\/index.php?rest_route=%2Fwp%2Fv2%2Fcomments&post=196"}],"version-history":[{"count":11,"href":"https:\/\/www.rytkonen.net\/index.php?rest_route=\/wp\/v2\/pages\/196\/revisions"}],"predecessor-version":[{"id":964,"href":"https:\/\/www.rytkonen.net\/index.php?rest_route=\/wp\/v2\/pages\/196\/revisions\/964"}],"wp:attachment":[{"href":"https:\/\/www.rytkonen.net\/index.php?rest_route=%2Fwp%2Fv2%2Fmedia&parent=196"}],"curies":[{"name":"wp","href":"https:\/\/api.w.org\/{rel}","templated":true}]}}